{"id":33,"date":"2025-01-05T09:55:15","date_gmt":"2025-01-05T09:55:15","guid":{"rendered":"https:\/\/ausgeartet.com\/?page_id=33"},"modified":"2025-01-05T09:55:16","modified_gmt":"2025-01-05T09:55:16","slug":"das-buch","status":"publish","type":"page","link":"https:\/\/ausgeartet.com\/?page_id=33","title":{"rendered":"Das Buch"},"content":{"rendered":"\n<p>Eine dramatische Geschichte \u00fcber ein Kinderspiel, das v\u00f6llig aus dem Ruder l\u00e4uft, ein beinahe t\u00f6dliches Abenteuer im tr\u00fcbseligen Leben eines Treuh\u00e4nders und ein Bericht aus erster Hand dar\u00fcber, wie Lokaljournalismus funktioniert. Alejandro Jimenez verkn\u00fcpft drei scheinbar unzusammenh\u00e4ngende Geschichten, die am Fusse des Berges Pilatus spielen, gekonnt zu einem fesselnden Roman.<br><br>KINDERSPIEL. Drei Zehnj\u00e4hrige sperren beim Spielen im Wald einen Freund in einen Schuppen. Zu Beginn ist es ein harmloser Spass, doch bald schon kommt der Punkt, an dem sie nicht mehr ohne Folgen befreien k\u00f6nnen. Der Freund wird bes\u00e4nftigt, durchgef\u00fcttert und gepflegt, bedroht, geschlagen und erpresst. Das Resultat sind Psychospiele aller Beteiligten.<\/p>\n\n\n\n<p>WALDSCHRAT. Ein frustrierter Familienvater beschliesst, etwas Aufregung in sein langweiliges Treuh\u00e4nderdasein zu bringen. Er geht mehrere Tage in den Wald campieren. V\u00f6llig unerwartet k\u00e4mpft er pl\u00f6tzlich um sein Leben. Dabei konnte er nicht ahnen, dass er seinen Verstand verliert, einen neuen Freund findet und eine Verbindung zur vorangehenden Geschichte herstellt. &nbsp;Alejandro Jimenez, selbst Familienvater im Sinnkrisenalter und Outdoor-Freak zeichnet hier das denkbar schlechteste Szenario eines Abenteuers im Wald.<\/p>\n\n\n\n<p>BOULEVARD. Eine Fernsehjournalistin eines Regionalfernsehsenders wird aus Lust an der Sensation auf den Fall eines vermissten Kindes angesetzt. Dabei erz\u00e4hlt sie schonungslos von den Erlebnissen ihres beruflichen Alltags. Schlussendlich findet sie eine heisse Spur und kn\u00fcpft die drei Geschichten nebenbei zusammen. Dieser Teil beinhaltet wahre Erlebnisse des Autors aus seiner Zeit beim Regionalfernsehen.<br><br><\/p>\n\n\n\n<p><\/p>\n","protected":false},"excerpt":{"rendered":"<p>Eine dramatische Geschichte \u00fcber ein Kinderspiel, das v\u00f6llig aus dem Ruder l\u00e4uft, ein beinahe t\u00f6dliches Abenteuer im tr\u00fcbseligen Leben eines Treuh\u00e4nders und ein Bericht aus erster Hand dar\u00fcber, wie Lokaljournalismus funktioniert. Alejandro Jimenez verkn\u00fcpft drei scheinbar unzusammenh\u00e4ngende Geschichten, die am Fusse des Berges Pilatus spielen, gekonnt zu einem fesselnden Roman. KINDERSPIEL. Drei Zehnj\u00e4hrige sperren beim [&hellip;]<\/p>\n","protected":false},"author":1,"featured_media":35,"parent":0,"menu_order":0,"comment_status":"closed","ping_status":"closed","template":"","meta":{"footnotes":""},"class_list":["post-33","page","type-page","status-publish","has-post-thumbnail","hentry"],"yoast_head":"<!-- This site is optimized with the Yoast SEO plugin v25.3.1 - https:\/\/yoast.com\/wordpress\/plugins\/seo\/ -->\n<title>Das Buch - AUSGEARTET<\/title>\n<meta name=\"description\" content=\"Drei genau beobachtete Geschichten mit einer \u00fcberraschenden Wendung, mit viel Menschenkenntnis und Liebe zum Detail erz\u00e4hlt.\" \/>\n<meta name=\"robots\" content=\"index, follow, max-snippet:-1, max-image-preview:large, max-video-preview:-1\" \/>\n<link rel=\"canonical\" href=\"https:\/\/ausgeartet.com\/?page_id=33\" \/>\n<meta property=\"og:locale\" content=\"de_DE\" \/>\n<meta property=\"og:type\" content=\"article\" \/>\n<meta property=\"og:title\" content=\"Das Buch - AUSGEARTET\" \/>\n<meta property=\"og:description\" content=\"Drei genau beobachtete Geschichten mit einer \u00fcberraschenden Wendung, mit viel Menschenkenntnis und Liebe zum Detail erz\u00e4hlt.\" \/>\n<meta property=\"og:url\" content=\"https:\/\/ausgeartet.com\/?page_id=33\" \/>\n<meta property=\"og:site_name\" content=\"AUSGEARTET\" \/>\n<meta property=\"article:modified_time\" content=\"2025-01-05T09:55:16+00:00\" \/>\n<meta property=\"og:image\" content=\"https:\/\/ausgeartet.com\/wp-content\/uploads\/2025\/01\/KNAPP_Jimenez_AUSGEARTET_COVER_cut.jpg\" \/>\n\t<meta property=\"og:image:width\" content=\"941\" \/>\n\t<meta property=\"og:image:height\" content=\"564\" \/>\n\t<meta property=\"og:image:type\" content=\"image\/jpeg\" \/>\n<meta name=\"twitter:card\" content=\"summary_large_image\" \/>\n<meta name=\"twitter:label1\" content=\"Gesch\u00e4tzte Lesezeit\" \/>\n\t<meta name=\"twitter:data1\" content=\"2\u00a0Minuten\" \/>\n<script type=\"application\/ld+json\" class=\"yoast-schema-graph\">{\"@context\":\"https:\/\/schema.org\",\"@graph\":[{\"@type\":\"WebPage\",\"@id\":\"https:\/\/ausgeartet.com\/?page_id=33\",\"url\":\"https:\/\/ausgeartet.com\/?page_id=33\",\"name\":\"Das Buch - AUSGEARTET\",\"isPartOf\":{\"@id\":\"https:\/\/ausgeartet.com\/#website\"},\"primaryImageOfPage\":{\"@id\":\"https:\/\/ausgeartet.com\/?page_id=33#primaryimage\"},\"image\":{\"@id\":\"https:\/\/ausgeartet.com\/?page_id=33#primaryimage\"},\"thumbnailUrl\":\"https:\/\/ausgeartet.com\/wp-content\/uploads\/2025\/01\/KNAPP_Jimenez_AUSGEARTET_COVER_cut.jpg\",\"datePublished\":\"2025-01-05T09:55:15+00:00\",\"dateModified\":\"2025-01-05T09:55:16+00:00\",\"description\":\"Drei genau beobachtete Geschichten mit einer \u00fcberraschenden Wendung, mit viel Menschenkenntnis und Liebe zum Detail erz\u00e4hlt.\",\"breadcrumb\":{\"@id\":\"https:\/\/ausgeartet.com\/?page_id=33#breadcrumb\"},\"inLanguage\":\"de\",\"potentialAction\":[{\"@type\":\"ReadAction\",\"target\":[\"https:\/\/ausgeartet.com\/?page_id=33\"]}]},{\"@type\":\"ImageObject\",\"inLanguage\":\"de\",\"@id\":\"https:\/\/ausgeartet.com\/?page_id=33#primaryimage\",\"url\":\"https:\/\/ausgeartet.com\/wp-content\/uploads\/2025\/01\/KNAPP_Jimenez_AUSGEARTET_COVER_cut.jpg\",\"contentUrl\":\"https:\/\/ausgeartet.com\/wp-content\/uploads\/2025\/01\/KNAPP_Jimenez_AUSGEARTET_COVER_cut.jpg\",\"width\":941,\"height\":564,\"caption\":\"Bild: Knapp Verlag, Olten\"},{\"@type\":\"BreadcrumbList\",\"@id\":\"https:\/\/ausgeartet.com\/?page_id=33#breadcrumb\",\"itemListElement\":[{\"@type\":\"ListItem\",\"position\":1,\"name\":\"Startseite\",\"item\":\"https:\/\/ausgeartet.com\/\"},{\"@type\":\"ListItem\",\"position\":2,\"name\":\"Das Buch\"}]},{\"@type\":\"WebSite\",\"@id\":\"https:\/\/ausgeartet.com\/#website\",\"url\":\"https:\/\/ausgeartet.com\/\",\"name\":\"AUSGEARTET\",\"description\":\"Roman (2025)\",\"publisher\":{\"@id\":\"https:\/\/ausgeartet.com\/#organization\"},\"potentialAction\":[{\"@type\":\"SearchAction\",\"target\":{\"@type\":\"EntryPoint\",\"urlTemplate\":\"https:\/\/ausgeartet.com\/?s={search_term_string}\"},\"query-input\":{\"@type\":\"PropertyValueSpecification\",\"valueRequired\":true,\"valueName\":\"search_term_string\"}}],\"inLanguage\":\"de\"},{\"@type\":\"Organization\",\"@id\":\"https:\/\/ausgeartet.com\/#organization\",\"name\":\"AUSGEARTET\",\"url\":\"https:\/\/ausgeartet.com\/\",\"logo\":{\"@type\":\"ImageObject\",\"inLanguage\":\"de\",\"@id\":\"https:\/\/ausgeartet.com\/#\/schema\/logo\/image\/\",\"url\":\"https:\/\/ausgeartet.com\/wp-content\/uploads\/2025\/01\/Knapp_logo.jpg\",\"contentUrl\":\"https:\/\/ausgeartet.com\/wp-content\/uploads\/2025\/01\/Knapp_logo.jpg\",\"width\":229,\"height\":220,\"caption\":\"AUSGEARTET\"},\"image\":{\"@id\":\"https:\/\/ausgeartet.com\/#\/schema\/logo\/image\/\"}}]}<\/script>\n<!-- \/ Yoast SEO plugin. -->","yoast_head_json":{"title":"Das Buch - AUSGEARTET","description":"Drei genau beobachtete Geschichten mit einer \u00fcberraschenden Wendung, mit viel Menschenkenntnis und Liebe zum Detail erz\u00e4hlt.","robots":{"index":"index","follow":"follow","max-snippet":"max-snippet:-1","max-image-preview":"max-image-preview:large","max-video-preview":"max-video-preview:-1"},"canonical":"https:\/\/ausgeartet.com\/?page_id=33","og_locale":"de_DE","og_type":"article","og_title":"Das Buch - AUSGEARTET","og_description":"Drei genau beobachtete Geschichten mit einer \u00fcberraschenden Wendung, mit viel Menschenkenntnis und Liebe zum Detail erz\u00e4hlt.","og_url":"https:\/\/ausgeartet.com\/?page_id=33","og_site_name":"AUSGEARTET","article_modified_time":"2025-01-05T09:55:16+00:00","og_image":[{"width":941,"height":564,"url":"https:\/\/ausgeartet.com\/wp-content\/uploads\/2025\/01\/KNAPP_Jimenez_AUSGEARTET_COVER_cut.jpg","type":"image\/jpeg"}],"twitter_card":"summary_large_image","twitter_misc":{"Gesch\u00e4tzte Lesezeit":"2\u00a0Minuten"},"schema":{"@context":"https:\/\/schema.org","@graph":[{"@type":"WebPage","@id":"https:\/\/ausgeartet.com\/?page_id=33","url":"https:\/\/ausgeartet.com\/?page_id=33","name":"Das Buch - AUSGEARTET","isPartOf":{"@id":"https:\/\/ausgeartet.com\/#website"},"primaryImageOfPage":{"@id":"https:\/\/ausgeartet.com\/?page_id=33#primaryimage"},"image":{"@id":"https:\/\/ausgeartet.com\/?page_id=33#primaryimage"},"thumbnailUrl":"https:\/\/ausgeartet.com\/wp-content\/uploads\/2025\/01\/KNAPP_Jimenez_AUSGEARTET_COVER_cut.jpg","datePublished":"2025-01-05T09:55:15+00:00","dateModified":"2025-01-05T09:55:16+00:00","description":"Drei genau beobachtete Geschichten mit einer \u00fcberraschenden Wendung, mit viel Menschenkenntnis und Liebe zum Detail erz\u00e4hlt.","breadcrumb":{"@id":"https:\/\/ausgeartet.com\/?page_id=33#breadcrumb"},"inLanguage":"de","potentialAction":[{"@type":"ReadAction","target":["https:\/\/ausgeartet.com\/?page_id=33"]}]},{"@type":"ImageObject","inLanguage":"de","@id":"https:\/\/ausgeartet.com\/?page_id=33#primaryimage","url":"https:\/\/ausgeartet.com\/wp-content\/uploads\/2025\/01\/KNAPP_Jimenez_AUSGEARTET_COVER_cut.jpg","contentUrl":"https:\/\/ausgeartet.com\/wp-content\/uploads\/2025\/01\/KNAPP_Jimenez_AUSGEARTET_COVER_cut.jpg","width":941,"height":564,"caption":"Bild: Knapp Verlag, Olten"},{"@type":"BreadcrumbList","@id":"https:\/\/ausgeartet.com\/?page_id=33#breadcrumb","itemListElement":[{"@type":"ListItem","position":1,"name":"Startseite","item":"https:\/\/ausgeartet.com\/"},{"@type":"ListItem","position":2,"name":"Das Buch"}]},{"@type":"WebSite","@id":"https:\/\/ausgeartet.com\/#website","url":"https:\/\/ausgeartet.com\/","name":"AUSGEARTET","description":"Roman (2025)","publisher":{"@id":"https:\/\/ausgeartet.com\/#organization"},"potentialAction":[{"@type":"SearchAction","target":{"@type":"EntryPoint","urlTemplate":"https:\/\/ausgeartet.com\/?s={search_term_string}"},"query-input":{"@type":"PropertyValueSpecification","valueRequired":true,"valueName":"search_term_string"}}],"inLanguage":"de"},{"@type":"Organization","@id":"https:\/\/ausgeartet.com\/#organization","name":"AUSGEARTET","url":"https:\/\/ausgeartet.com\/","logo":{"@type":"ImageObject","inLanguage":"de","@id":"https:\/\/ausgeartet.com\/#\/schema\/logo\/image\/","url":"https:\/\/ausgeartet.com\/wp-content\/uploads\/2025\/01\/Knapp_logo.jpg","contentUrl":"https:\/\/ausgeartet.com\/wp-content\/uploads\/2025\/01\/Knapp_logo.jpg","width":229,"height":220,"caption":"AUSGEARTET"},"image":{"@id":"https:\/\/ausgeartet.com\/#\/schema\/logo\/image\/"}}]}},"jetpack_sharing_enabled":true,"_links":{"self":[{"href":"https:\/\/ausgeartet.com\/index.php?rest_route=\/wp\/v2\/pages\/33","targetHints":{"allow":["GET"]}}],"collection":[{"href":"https:\/\/ausgeartet.com\/index.php?rest_route=\/wp\/v2\/pages"}],"about":[{"href":"https:\/\/ausgeartet.com\/index.php?rest_route=\/wp\/v2\/types\/page"}],"author":[{"embeddable":true,"href":"https:\/\/ausgeartet.com\/index.php?rest_route=\/wp\/v2\/users\/1"}],"replies":[{"embeddable":true,"href":"https:\/\/ausgeartet.com\/index.php?rest_route=%2Fwp%2Fv2%2Fcomments&post=33"}],"version-history":[{"count":1,"href":"https:\/\/ausgeartet.com\/index.php?rest_route=\/wp\/v2\/pages\/33\/revisions"}],"predecessor-version":[{"id":36,"href":"https:\/\/ausgeartet.com\/index.php?rest_route=\/wp\/v2\/pages\/33\/revisions\/36"}],"wp:featuredmedia":[{"embeddable":true,"href":"https:\/\/ausgeartet.com\/index.php?rest_route=\/wp\/v2\/media\/35"}],"wp:attachment":[{"href":"https:\/\/ausgeartet.com\/index.php?rest_route=%2Fwp%2Fv2%2Fmedia&parent=33"}],"curies":[{"name":"wp","href":"https:\/\/api.w.org\/{rel}","templated":true}]}}