{"id":2,"date":"2025-01-05T08:58:34","date_gmt":"2025-01-05T08:58:34","guid":{"rendered":"https:\/\/ausgeartet.com\/?page_id=2"},"modified":"2025-01-05T10:12:00","modified_gmt":"2025-01-05T10:12:00","slug":"ausgeartet-roman-alejandro-jimenez","status":"publish","type":"page","link":"https:\/\/ausgeartet.com\/","title":{"rendered":"AUSGEARTET, Roman (2025)"},"content":{"rendered":"\n<p><\/p>\n\n\n\n<blockquote class=\"wp-block-quote is-layout-flow wp-block-quote-is-layout-flow\">\n<p>\u00abDrei genau beobachtete Geschichten mit einer \u00fcberraschenden Wendung, mit viel Menschenkenntnis und Liebe zum Detail erz\u00e4hlt.\u00bb<\/p>\n\n\n\n<p>Milena Moser, Autorin<\/p>\n<\/blockquote>\n\n\n\n<p>Eine dramatische Geschichte \u00fcber ein Kinderspiel, das v\u00f6llig aus dem Ruder l\u00e4uft, ein beinahe t\u00f6dliches Abenteuer im tr\u00fcbseligen Leben eines Treuh\u00e4nders und ein Bericht aus erster Hand dar\u00fcber, wie Lokaljournalismus funktioniert. Alejandro Jimenez verkn\u00fcpft drei scheinbar unzusammenh\u00e4ngende Geschichten, die am Fusse des Berges Pilatus spielen, gekonnt zu einem fesselnden Roman.<\/p>\n","protected":false},"excerpt":{"rendered":"<p>\u00abDrei genau beobachtete Geschichten mit einer \u00fcberraschenden Wendung, mit viel Menschenkenntnis und Liebe zum Detail erz\u00e4hlt.\u00bb Milena Moser, Autorin Eine dramatische Geschichte \u00fcber ein Kinderspiel, das v\u00f6llig aus dem Ruder l\u00e4uft, ein beinahe t\u00f6dliches Abenteuer im tr\u00fcbseligen Leben eines Treuh\u00e4nders und ein Bericht aus erster Hand dar\u00fcber, wie Lokaljournalismus funktioniert. Alejandro Jimenez verkn\u00fcpft drei scheinbar [&hellip;]<\/p>\n","protected":false},"author":1,"featured_media":41,"parent":0,"menu_order":0,"comment_status":"closed","ping_status":"open","template":"","meta":{"footnotes":""},"class_list":["post-2","page","type-page","status-publish","has-post-thumbnail","hentry"],"yoast_head":"<!-- This site is optimized with the Yoast SEO plugin v25.3.1 - https:\/\/yoast.com\/wordpress\/plugins\/seo\/ -->\n<title>AUSGEARTET, Roman (2025) - AUSGEARTET<\/title>\n<meta name=\"description\" content=\"Eine dramatische Geschichte \u00fcber ein Kinderspiel, ein beinahe t\u00f6dliches Abenteuer und den Lokaljournalismus.\" \/>\n<meta name=\"robots\" content=\"index, follow, max-snippet:-1, max-image-preview:large, max-video-preview:-1\" \/>\n<link rel=\"canonical\" href=\"https:\/\/ausgeartet.com\/\" \/>\n<meta property=\"og:locale\" content=\"de_DE\" \/>\n<meta property=\"og:type\" content=\"article\" \/>\n<meta property=\"og:title\" content=\"AUSGEARTET, Roman (2025) - AUSGEARTET\" \/>\n<meta property=\"og:description\" content=\"Eine dramatische Geschichte \u00fcber ein Kinderspiel, ein beinahe t\u00f6dliches Abenteuer und den Lokaljournalismus.\" \/>\n<meta property=\"og:url\" content=\"https:\/\/ausgeartet.com\/\" \/>\n<meta property=\"og:site_name\" content=\"AUSGEARTET\" \/>\n<meta property=\"article:modified_time\" content=\"2025-01-05T10:12:00+00:00\" \/>\n<meta property=\"og:image\" content=\"https:\/\/ausgeartet.com\/wp-content\/uploads\/2025\/01\/KNAPP_Jimenez_AUSGEARTET_COVER_cut_small.jpg\" \/>\n\t<meta property=\"og:image:width\" content=\"941\" \/>\n\t<meta property=\"og:image:height\" content=\"564\" \/>\n\t<meta property=\"og:image:type\" content=\"image\/jpeg\" \/>\n<meta name=\"twitter:card\" content=\"summary_large_image\" \/>\n<meta name=\"twitter:label1\" content=\"Gesch\u00e4tzte Lesezeit\" \/>\n\t<meta name=\"twitter:data1\" content=\"1\u00a0Minute\" \/>\n<script type=\"application\/ld+json\" class=\"yoast-schema-graph\">{\"@context\":\"https:\/\/schema.org\",\"@graph\":[{\"@type\":\"WebPage\",\"@id\":\"https:\/\/ausgeartet.com\/\",\"url\":\"https:\/\/ausgeartet.com\/\",\"name\":\"AUSGEARTET, Roman (2025) - AUSGEARTET\",\"isPartOf\":{\"@id\":\"https:\/\/ausgeartet.com\/#website\"},\"primaryImageOfPage\":{\"@id\":\"https:\/\/ausgeartet.com\/#primaryimage\"},\"image\":{\"@id\":\"https:\/\/ausgeartet.com\/#primaryimage\"},\"thumbnailUrl\":\"https:\/\/ausgeartet.com\/wp-content\/uploads\/2025\/01\/KNAPP_Jimenez_AUSGEARTET_COVER_cut_small.jpg\",\"datePublished\":\"2025-01-05T08:58:34+00:00\",\"dateModified\":\"2025-01-05T10:12:00+00:00\",\"description\":\"Eine dramatische Geschichte \u00fcber ein Kinderspiel, ein beinahe t\u00f6dliches Abenteuer und den Lokaljournalismus.\",\"breadcrumb\":{\"@id\":\"https:\/\/ausgeartet.com\/#breadcrumb\"},\"inLanguage\":\"de\",\"potentialAction\":[{\"@type\":\"ReadAction\",\"target\":[\"https:\/\/ausgeartet.com\/\"]}]},{\"@type\":\"ImageObject\",\"inLanguage\":\"de\",\"@id\":\"https:\/\/ausgeartet.com\/#primaryimage\",\"url\":\"https:\/\/ausgeartet.com\/wp-content\/uploads\/2025\/01\/KNAPP_Jimenez_AUSGEARTET_COVER_cut_small.jpg\",\"contentUrl\":\"https:\/\/ausgeartet.com\/wp-content\/uploads\/2025\/01\/KNAPP_Jimenez_AUSGEARTET_COVER_cut_small.jpg\",\"width\":941,\"height\":564},{\"@type\":\"BreadcrumbList\",\"@id\":\"https:\/\/ausgeartet.com\/#breadcrumb\",\"itemListElement\":[{\"@type\":\"ListItem\",\"position\":1,\"name\":\"Startseite\",\"item\":\"https:\/\/ausgeartet.com\/\"},{\"@type\":\"ListItem\",\"position\":2,\"name\":\"AUSGEARTET, Roman (2025)\"}]},{\"@type\":\"WebSite\",\"@id\":\"https:\/\/ausgeartet.com\/#website\",\"url\":\"https:\/\/ausgeartet.com\/\",\"name\":\"AUSGEARTET\",\"description\":\"Roman (2025)\",\"publisher\":{\"@id\":\"https:\/\/ausgeartet.com\/#organization\"},\"potentialAction\":[{\"@type\":\"SearchAction\",\"target\":{\"@type\":\"EntryPoint\",\"urlTemplate\":\"https:\/\/ausgeartet.com\/?s={search_term_string}\"},\"query-input\":{\"@type\":\"PropertyValueSpecification\",\"valueRequired\":true,\"valueName\":\"search_term_string\"}}],\"inLanguage\":\"de\"},{\"@type\":\"Organization\",\"@id\":\"https:\/\/ausgeartet.com\/#organization\",\"name\":\"AUSGEARTET\",\"url\":\"https:\/\/ausgeartet.com\/\",\"logo\":{\"@type\":\"ImageObject\",\"inLanguage\":\"de\",\"@id\":\"https:\/\/ausgeartet.com\/#\/schema\/logo\/image\/\",\"url\":\"https:\/\/ausgeartet.com\/wp-content\/uploads\/2025\/01\/Knapp_logo.jpg\",\"contentUrl\":\"https:\/\/ausgeartet.com\/wp-content\/uploads\/2025\/01\/Knapp_logo.jpg\",\"width\":229,\"height\":220,\"caption\":\"AUSGEARTET\"},\"image\":{\"@id\":\"https:\/\/ausgeartet.com\/#\/schema\/logo\/image\/\"}}]}<\/script>\n<!-- \/ Yoast SEO plugin. -->","yoast_head_json":{"title":"AUSGEARTET, Roman (2025) - AUSGEARTET","description":"Eine dramatische Geschichte \u00fcber ein Kinderspiel, ein beinahe t\u00f6dliches Abenteuer und den Lokaljournalismus.","robots":{"index":"index","follow":"follow","max-snippet":"max-snippet:-1","max-image-preview":"max-image-preview:large","max-video-preview":"max-video-preview:-1"},"canonical":"https:\/\/ausgeartet.com\/","og_locale":"de_DE","og_type":"article","og_title":"AUSGEARTET, Roman (2025) - AUSGEARTET","og_description":"Eine dramatische Geschichte \u00fcber ein Kinderspiel, ein beinahe t\u00f6dliches Abenteuer und den Lokaljournalismus.","og_url":"https:\/\/ausgeartet.com\/","og_site_name":"AUSGEARTET","article_modified_time":"2025-01-05T10:12:00+00:00","og_image":[{"width":941,"height":564,"url":"https:\/\/ausgeartet.com\/wp-content\/uploads\/2025\/01\/KNAPP_Jimenez_AUSGEARTET_COVER_cut_small.jpg","type":"image\/jpeg"}],"twitter_card":"summary_large_image","twitter_misc":{"Gesch\u00e4tzte Lesezeit":"1\u00a0Minute"},"schema":{"@context":"https:\/\/schema.org","@graph":[{"@type":"WebPage","@id":"https:\/\/ausgeartet.com\/","url":"https:\/\/ausgeartet.com\/","name":"AUSGEARTET, Roman (2025) - AUSGEARTET","isPartOf":{"@id":"https:\/\/ausgeartet.com\/#website"},"primaryImageOfPage":{"@id":"https:\/\/ausgeartet.com\/#primaryimage"},"image":{"@id":"https:\/\/ausgeartet.com\/#primaryimage"},"thumbnailUrl":"https:\/\/ausgeartet.com\/wp-content\/uploads\/2025\/01\/KNAPP_Jimenez_AUSGEARTET_COVER_cut_small.jpg","datePublished":"2025-01-05T08:58:34+00:00","dateModified":"2025-01-05T10:12:00+00:00","description":"Eine dramatische Geschichte \u00fcber ein Kinderspiel, ein beinahe t\u00f6dliches Abenteuer und den Lokaljournalismus.","breadcrumb":{"@id":"https:\/\/ausgeartet.com\/#breadcrumb"},"inLanguage":"de","potentialAction":[{"@type":"ReadAction","target":["https:\/\/ausgeartet.com\/"]}]},{"@type":"ImageObject","inLanguage":"de","@id":"https:\/\/ausgeartet.com\/#primaryimage","url":"https:\/\/ausgeartet.com\/wp-content\/uploads\/2025\/01\/KNAPP_Jimenez_AUSGEARTET_COVER_cut_small.jpg","contentUrl":"https:\/\/ausgeartet.com\/wp-content\/uploads\/2025\/01\/KNAPP_Jimenez_AUSGEARTET_COVER_cut_small.jpg","width":941,"height":564},{"@type":"BreadcrumbList","@id":"https:\/\/ausgeartet.com\/#breadcrumb","itemListElement":[{"@type":"ListItem","position":1,"name":"Startseite","item":"https:\/\/ausgeartet.com\/"},{"@type":"ListItem","position":2,"name":"AUSGEARTET, Roman (2025)"}]},{"@type":"WebSite","@id":"https:\/\/ausgeartet.com\/#website","url":"https:\/\/ausgeartet.com\/","name":"AUSGEARTET","description":"Roman (2025)","publisher":{"@id":"https:\/\/ausgeartet.com\/#organization"},"potentialAction":[{"@type":"SearchAction","target":{"@type":"EntryPoint","urlTemplate":"https:\/\/ausgeartet.com\/?s={search_term_string}"},"query-input":{"@type":"PropertyValueSpecification","valueRequired":true,"valueName":"search_term_string"}}],"inLanguage":"de"},{"@type":"Organization","@id":"https:\/\/ausgeartet.com\/#organization","name":"AUSGEARTET","url":"https:\/\/ausgeartet.com\/","logo":{"@type":"ImageObject","inLanguage":"de","@id":"https:\/\/ausgeartet.com\/#\/schema\/logo\/image\/","url":"https:\/\/ausgeartet.com\/wp-content\/uploads\/2025\/01\/Knapp_logo.jpg","contentUrl":"https:\/\/ausgeartet.com\/wp-content\/uploads\/2025\/01\/Knapp_logo.jpg","width":229,"height":220,"caption":"AUSGEARTET"},"image":{"@id":"https:\/\/ausgeartet.com\/#\/schema\/logo\/image\/"}}]}},"jetpack_sharing_enabled":true,"_links":{"self":[{"href":"https:\/\/ausgeartet.com\/index.php?rest_route=\/wp\/v2\/pages\/2","targetHints":{"allow":["GET"]}}],"collection":[{"href":"https:\/\/ausgeartet.com\/index.php?rest_route=\/wp\/v2\/pages"}],"about":[{"href":"https:\/\/ausgeartet.com\/index.php?rest_route=\/wp\/v2\/types\/page"}],"author":[{"embeddable":true,"href":"https:\/\/ausgeartet.com\/index.php?rest_route=\/wp\/v2\/users\/1"}],"replies":[{"embeddable":true,"href":"https:\/\/ausgeartet.com\/index.php?rest_route=%2Fwp%2Fv2%2Fcomments&post=2"}],"version-history":[{"count":3,"href":"https:\/\/ausgeartet.com\/index.php?rest_route=\/wp\/v2\/pages\/2\/revisions"}],"predecessor-version":[{"id":16,"href":"https:\/\/ausgeartet.com\/index.php?rest_route=\/wp\/v2\/pages\/2\/revisions\/16"}],"wp:featuredmedia":[{"embeddable":true,"href":"https:\/\/ausgeartet.com\/index.php?rest_route=\/wp\/v2\/media\/41"}],"wp:attachment":[{"href":"https:\/\/ausgeartet.com\/index.php?rest_route=%2Fwp%2Fv2%2Fmedia&parent=2"}],"curies":[{"name":"wp","href":"https:\/\/api.w.org\/{rel}","templated":true}]}}